{"id":674,"date":"2017-04-05T18:56:07","date_gmt":"2017-04-05T15:56:07","guid":{"rendered":"http:\/\/cdn.gillion.shufflehound.com\/clean\/?page_id=674"},"modified":"2024-10-09T22:06:49","modified_gmt":"2024-10-09T22:06:49","slug":"home-1","status":"publish","type":"page","link":"https:\/\/imegarcia.com.mx\/blog\/","title":{"rendered":"Blog"},"content":{"rendered":"<div class=\"wpb-content-wrapper\"><p>[vc_row 0=&#8221;&#8221; full_width=&#8221;stretch_row&#8221; equal_height=&#8221;yes&#8221; content_placement=&#8221;middle&#8221; css=&#8221;.vc_custom_1499702127280{margin-top: 100px !important;margin-bottom: 10px !important;padding-top: 135px !important;padding-bottom: 135px !important;background-color: #f8f8f8 !important;}&#8221;][vc_column 0=&#8221;&#8221; width=&#8221;1\/2&#8243; css=&#8221;.vc_custom_1499702093933{padding-top: 0px !important;}&#8221;]\n            \n            <div class=\"vcg-heading vcg-heading-z2EDly9Lp8 \">\n                                    <h3 class=\"vcg-heading-content vcg-heading-align-left size-24px \" style=\"color: #505050; font-weight: 700; ; ; ; ; \">\n                                                Suscr\u00edbete y Mant\u00e9n Tus Equipos al D\u00eda                    <\/h3>\n                            <\/div>\n\n        \n            <div class=\"vcg-text-block vcg-text-block-TW8cUqkljC  vc_custom_1728511238368 \">\n                \n                <style media=\"screen\">\n                    \n                    \n                    \n                                            .vcg-text-block-TW8cUqkljC,\n                        .vcg-text-block-TW8cUqkljC * {\n                            line-height: 130%;\n                        }\n                    \n                    \n                                    <\/style>\n\n                <div class=\"vcg-text-block-content\">\n                    <span style=\"font-size: 18px; color: #888888;\">Recibe las \u00faltimas novedades sobre equipos y servicios Megger, garantizando siempre confiabilidad y soporte t\u00e9cnico certificado. \u00a1No te lo pierdas!<\/span><\/p>\n<p>                <\/div>\n            <\/div>\n\n        [\/vc_column][vc_column width=&#8221;1\/2&#8243;]\n<div class=\"wpcf7 no-js\" id=\"wpcf7-f13-o1\" lang=\"es-MX\" dir=\"ltr\" data-wpcf7-id=\"13\">\n<div class=\"screen-reader-response\"><p role=\"status\" aria-live=\"polite\" aria-atomic=\"true\"><\/p> <ul><\/ul><\/div>\n<form action=\"\/blog\/wp-json\/wp\/v2\/pages\/674#wpcf7-f13-o1\" method=\"post\" class=\"wpcf7-form init\" aria-label=\"Formulario de contacto\" novalidate=\"novalidate\" data-status=\"init\">\n<fieldset class=\"hidden-fields-container\"><input type=\"hidden\" name=\"_wpcf7\" value=\"13\" \/><input type=\"hidden\" name=\"_wpcf7_version\" value=\"6.1.5\" \/><input type=\"hidden\" name=\"_wpcf7_locale\" value=\"es_MX\" \/><input type=\"hidden\" name=\"_wpcf7_unit_tag\" value=\"wpcf7-f13-o1\" \/><input type=\"hidden\" name=\"_wpcf7_container_post\" value=\"0\" \/><input type=\"hidden\" name=\"_wpcf7_posted_data_hash\" value=\"\" \/>\n<\/fieldset>\n<div style=\"display: flex; align-items: center; justify-content: space-between;\">\n\t<div style=\"flex: 1; margin-right: 10px;\">\n\t\t<p><label> Nombre<br \/>\n<span class=\"wpcf7-form-control-wrap\" data-name=\"your-name\"><input size=\"40\" maxlength=\"400\" class=\"wpcf7-form-control wpcf7-text wpcf7-validates-as-required\" aria-required=\"true\" aria-invalid=\"false\" placeholder=\"Ingresa tu nombre\" value=\"\" type=\"text\" name=\"your-name\" \/><\/span><br \/>\n<\/label>\n\t\t<\/p>\n\t<\/div>\n\t<div style=\"flex: 1; margin-right: 10px;\">\n\t\t<p><label> Correo Electr\u00f3nico<br \/>\n<span class=\"wpcf7-form-control-wrap\" data-name=\"your-email\"><input size=\"40\" maxlength=\"400\" class=\"wpcf7-form-control wpcf7-email wpcf7-validates-as-required wpcf7-text wpcf7-validates-as-email\" aria-required=\"true\" aria-invalid=\"false\" placeholder=\"Ingresa tu correo electr\u00f3nico\" value=\"\" type=\"email\" name=\"your-email\" \/><\/span><br \/>\n<\/label>\n\t\t<\/p>\n\t<\/div>\n\t<div>\n\t\t<p><input class=\"wpcf7-form-control wpcf7-submit has-spinner\" type=\"submit\" value=\"Suscribirme\" \/>\n\t\t<\/p>\n\t<\/div>\n<\/div><div class=\"wpcf7-response-output\" aria-hidden=\"true\"><\/div>\n<\/form>\n<\/div>\n[\/vc_column][\/vc_row]<\/p>\n<\/div>","protected":false},"excerpt":{"rendered":"<p>[vc_row 0=&#8221;&#8221; full_width=&#8221;stretch_row&#8221; equal_height=&#8221;yes&#8221; content_placement=&#8221;middle&#8221; css=&#8221;.vc_custom_1499702127280{margin-top: 100px !important;margin-bottom: 10px !important;padding-top: 135px !important;padding-bottom: 135px !important;background-color: #f8f8f8 !important;}&#8221;][vc_column 0=&#8221;&#8221; width=&#8221;1\/2&#8243; css=&#8221;.vc_custom_1499702093933{padding-top: 0px !important;}&#8221;][\/vc_column][vc_column width=&#8221;1\/2&#8243;][\/vc_column][\/vc_row]<\/p>\n","protected":false},"author":3,"featured_media":0,"parent":0,"menu_order":0,"comment_status":"closed","ping_status":"closed","template":"page-blog.php","meta":{"footnotes":""},"class_list":["post-674","page","type-page","status-publish","hentry"],"yoast_head":"<!-- This site is optimized with the Yoast SEO plugin v27.4 - https:\/\/yoast.com\/product\/yoast-seo-wordpress\/ -->\n<title>Blog - Blog IME Garcia<\/title>\n<meta name=\"robots\" content=\"index, follow, max-snippet:-1, max-image-preview:large, max-video-preview:-1\" \/>\n<link rel=\"canonical\" href=\"https:\/\/imegarcia.com.mx\/blog\/\" \/>\n<meta property=\"og:locale\" content=\"es_MX\" \/>\n<meta property=\"og:type\" content=\"article\" \/>\n<meta property=\"og:title\" content=\"Blog - Blog IME Garcia\" \/>\n<meta property=\"og:description\" content=\"[vc_row 0=&#8221;&#8221; full_width=&#8221;stretch_row&#8221; equal_height=&#8221;yes&#8221; content_placement=&#8221;middle&#8221; css=&#8221;.vc_custom_1499702127280{margin-top: 100px !important;margin-bottom: 10px !important;padding-top: 135px !important;padding-bottom: 135px !important;background-color: #f8f8f8 !important;}&#8221;][vc_column 0=&#8221;&#8221; width=&#8221;1\/2&#8243; css=&#8221;.vc_custom_1499702093933{padding-top: 0px !important;}&#8221;][\/vc_column][vc_column width=&#8221;1\/2&#8243;][\/vc_column][\/vc_row]\" \/>\n<meta property=\"og:url\" content=\"https:\/\/imegarcia.com.mx\/blog\/\" \/>\n<meta property=\"og:site_name\" content=\"Blog IME Garcia\" \/>\n<meta property=\"article:modified_time\" content=\"2024-10-09T22:06:49+00:00\" \/>\n<meta name=\"twitter:card\" content=\"summary_large_image\" \/>\n<meta name=\"twitter:label1\" content=\"Tiempo de lectura\" \/>\n\t<meta name=\"twitter:data1\" content=\"1 minuto\" \/>\n<script type=\"application\/ld+json\" class=\"yoast-schema-graph\">{\"@context\":\"https:\\\/\\\/schema.org\",\"@graph\":[{\"@type\":\"WebPage\",\"@id\":\"https:\\\/\\\/imegarcia.com.mx\\\/blog\\\/\",\"url\":\"https:\\\/\\\/imegarcia.com.mx\\\/blog\\\/\",\"name\":\"Blog - Blog IME Garcia\",\"isPartOf\":{\"@id\":\"https:\\\/\\\/imegarcia.com.mx\\\/blog\\\/#website\"},\"datePublished\":\"2017-04-05T15:56:07+00:00\",\"dateModified\":\"2024-10-09T22:06:49+00:00\",\"breadcrumb\":{\"@id\":\"https:\\\/\\\/imegarcia.com.mx\\\/blog\\\/#breadcrumb\"},\"inLanguage\":\"es\",\"potentialAction\":[{\"@type\":\"ReadAction\",\"target\":[\"https:\\\/\\\/imegarcia.com.mx\\\/blog\\\/\"]}]},{\"@type\":\"BreadcrumbList\",\"@id\":\"https:\\\/\\\/imegarcia.com.mx\\\/blog\\\/#breadcrumb\",\"itemListElement\":[{\"@type\":\"ListItem\",\"position\":1,\"name\":\"Inicio\",\"item\":\"https:\\\/\\\/imegarcia.com.mx\\\/blog\\\/\"},{\"@type\":\"ListItem\",\"position\":2,\"name\":\"Blog\"}]},{\"@type\":\"WebSite\",\"@id\":\"https:\\\/\\\/imegarcia.com.mx\\\/blog\\\/#website\",\"url\":\"https:\\\/\\\/imegarcia.com.mx\\\/blog\\\/\",\"name\":\"Blog IME Garcia\",\"description\":\"\",\"publisher\":{\"@id\":\"https:\\\/\\\/imegarcia.com.mx\\\/blog\\\/#organization\"},\"potentialAction\":[{\"@type\":\"SearchAction\",\"target\":{\"@type\":\"EntryPoint\",\"urlTemplate\":\"https:\\\/\\\/imegarcia.com.mx\\\/blog\\\/?s={search_term_string}\"},\"query-input\":{\"@type\":\"PropertyValueSpecification\",\"valueRequired\":true,\"valueName\":\"search_term_string\"}}],\"inLanguage\":\"es\"},{\"@type\":\"Organization\",\"@id\":\"https:\\\/\\\/imegarcia.com.mx\\\/blog\\\/#organization\",\"name\":\"Blog IME Garcia\",\"url\":\"https:\\\/\\\/imegarcia.com.mx\\\/blog\\\/\",\"logo\":{\"@type\":\"ImageObject\",\"inLanguage\":\"es\",\"@id\":\"https:\\\/\\\/imegarcia.com.mx\\\/blog\\\/#\\\/schema\\\/logo\\\/image\\\/\",\"url\":\"https:\\\/\\\/imegarcia.com.mx\\\/blog\\\/wp-content\\\/uploads\\\/2024\\\/10\\\/ime-garcia-logo.png\",\"contentUrl\":\"https:\\\/\\\/imegarcia.com.mx\\\/blog\\\/wp-content\\\/uploads\\\/2024\\\/10\\\/ime-garcia-logo.png\",\"width\":857,\"height\":155,\"caption\":\"Blog IME Garcia\"},\"image\":{\"@id\":\"https:\\\/\\\/imegarcia.com.mx\\\/blog\\\/#\\\/schema\\\/logo\\\/image\\\/\"}}]}<\/script>\n<!-- \/ Yoast SEO plugin. -->","yoast_head_json":{"title":"Blog - Blog IME Garcia","robots":{"index":"index","follow":"follow","max-snippet":"max-snippet:-1","max-image-preview":"max-image-preview:large","max-video-preview":"max-video-preview:-1"},"canonical":"https:\/\/imegarcia.com.mx\/blog\/","og_locale":"es_MX","og_type":"article","og_title":"Blog - Blog IME Garcia","og_description":"[vc_row 0=&#8221;&#8221; full_width=&#8221;stretch_row&#8221; equal_height=&#8221;yes&#8221; content_placement=&#8221;middle&#8221; css=&#8221;.vc_custom_1499702127280{margin-top: 100px !important;margin-bottom: 10px !important;padding-top: 135px !important;padding-bottom: 135px !important;background-color: #f8f8f8 !important;}&#8221;][vc_column 0=&#8221;&#8221; width=&#8221;1\/2&#8243; css=&#8221;.vc_custom_1499702093933{padding-top: 0px !important;}&#8221;][\/vc_column][vc_column width=&#8221;1\/2&#8243;][\/vc_column][\/vc_row]","og_url":"https:\/\/imegarcia.com.mx\/blog\/","og_site_name":"Blog IME Garcia","article_modified_time":"2024-10-09T22:06:49+00:00","twitter_card":"summary_large_image","twitter_misc":{"Tiempo de lectura":"1 minuto"},"schema":{"@context":"https:\/\/schema.org","@graph":[{"@type":"WebPage","@id":"https:\/\/imegarcia.com.mx\/blog\/","url":"https:\/\/imegarcia.com.mx\/blog\/","name":"Blog - Blog IME Garcia","isPartOf":{"@id":"https:\/\/imegarcia.com.mx\/blog\/#website"},"datePublished":"2017-04-05T15:56:07+00:00","dateModified":"2024-10-09T22:06:49+00:00","breadcrumb":{"@id":"https:\/\/imegarcia.com.mx\/blog\/#breadcrumb"},"inLanguage":"es","potentialAction":[{"@type":"ReadAction","target":["https:\/\/imegarcia.com.mx\/blog\/"]}]},{"@type":"BreadcrumbList","@id":"https:\/\/imegarcia.com.mx\/blog\/#breadcrumb","itemListElement":[{"@type":"ListItem","position":1,"name":"Inicio","item":"https:\/\/imegarcia.com.mx\/blog\/"},{"@type":"ListItem","position":2,"name":"Blog"}]},{"@type":"WebSite","@id":"https:\/\/imegarcia.com.mx\/blog\/#website","url":"https:\/\/imegarcia.com.mx\/blog\/","name":"Blog IME Garcia","description":"","publisher":{"@id":"https:\/\/imegarcia.com.mx\/blog\/#organization"},"potentialAction":[{"@type":"SearchAction","target":{"@type":"EntryPoint","urlTemplate":"https:\/\/imegarcia.com.mx\/blog\/?s={search_term_string}"},"query-input":{"@type":"PropertyValueSpecification","valueRequired":true,"valueName":"search_term_string"}}],"inLanguage":"es"},{"@type":"Organization","@id":"https:\/\/imegarcia.com.mx\/blog\/#organization","name":"Blog IME Garcia","url":"https:\/\/imegarcia.com.mx\/blog\/","logo":{"@type":"ImageObject","inLanguage":"es","@id":"https:\/\/imegarcia.com.mx\/blog\/#\/schema\/logo\/image\/","url":"https:\/\/imegarcia.com.mx\/blog\/wp-content\/uploads\/2024\/10\/ime-garcia-logo.png","contentUrl":"https:\/\/imegarcia.com.mx\/blog\/wp-content\/uploads\/2024\/10\/ime-garcia-logo.png","width":857,"height":155,"caption":"Blog IME Garcia"},"image":{"@id":"https:\/\/imegarcia.com.mx\/blog\/#\/schema\/logo\/image\/"}}]}},"_links":{"self":[{"href":"https:\/\/imegarcia.com.mx\/blog\/wp-json\/wp\/v2\/pages\/674","targetHints":{"allow":["GET"]}}],"collection":[{"href":"https:\/\/imegarcia.com.mx\/blog\/wp-json\/wp\/v2\/pages"}],"about":[{"href":"https:\/\/imegarcia.com.mx\/blog\/wp-json\/wp\/v2\/types\/page"}],"author":[{"embeddable":true,"href":"https:\/\/imegarcia.com.mx\/blog\/wp-json\/wp\/v2\/users\/3"}],"replies":[{"embeddable":true,"href":"https:\/\/imegarcia.com.mx\/blog\/wp-json\/wp\/v2\/comments?post=674"}],"version-history":[{"count":5,"href":"https:\/\/imegarcia.com.mx\/blog\/wp-json\/wp\/v2\/pages\/674\/revisions"}],"predecessor-version":[{"id":960,"href":"https:\/\/imegarcia.com.mx\/blog\/wp-json\/wp\/v2\/pages\/674\/revisions\/960"}],"wp:attachment":[{"href":"https:\/\/imegarcia.com.mx\/blog\/wp-json\/wp\/v2\/media?parent=674"}],"curies":[{"name":"wp","href":"https:\/\/api.w.org\/{rel}","templated":true}]}}